{"id":9,"date":"2019-02-15T17:33:56","date_gmt":"2019-02-15T14:33:56","guid":{"rendered":"http:\/\/localhost\/azar-fa\/?page_id=9"},"modified":"2025-08-16T17:39:49","modified_gmt":"2025-08-16T14:39:49","slug":"home","status":"publish","type":"page","link":"https:\/\/www.ikhrw.com\/tr\/","title":{"rendered":"Anasayfa"},"content":{"rendered":"","protected":false},"excerpt":{"rendered":"","protected":false},"author":1,"featured_media":0,"parent":0,"menu_order":0,"comment_status":"closed","ping_status":"closed","template":"","meta":{"footnotes":""},"class_list":["post-9","page","type-page","status-publish","hentry"],"yoast_head":"<!-- This site is optimized with the Yoast SEO Premium plugin v25.7.1 (Yoast SEO v27.4) - https:\/\/yoast.com\/product\/yoast-seo-premium-wordpress\/ -->\n<title>Anasayfa - \u0130ran K\u00fcrdistan \u0130nsan Haklar\u0131 \u0130zleme \u00d6rg\u00fct\u00fc<\/title>\n<meta name=\"robots\" content=\"index, follow, max-snippet:-1, max-image-preview:large, max-video-preview:-1\" \/>\n<link rel=\"canonical\" href=\"https:\/\/www.ikhrw.com\/tr\/\" \/>\n<meta property=\"og:locale\" content=\"tr_TR\" \/>\n<meta property=\"og:type\" content=\"article\" \/>\n<meta property=\"og:title\" content=\"Anasayfa\" \/>\n<meta property=\"og:url\" content=\"https:\/\/www.ikhrw.com\/tr\/\" \/>\n<meta property=\"og:site_name\" content=\"\u0130ran K\u00fcrdistan \u0130nsan Haklar\u0131 \u0130zleme \u00d6rg\u00fct\u00fc\" \/>\n<meta property=\"article:modified_time\" content=\"2025-08-16T14:39:49+00:00\" \/>\n<meta name=\"twitter:card\" content=\"summary_large_image\" \/>\n<script type=\"application\/ld+json\" class=\"yoast-schema-graph\">{\"@context\":\"https:\\\/\\\/schema.org\",\"@graph\":[{\"@type\":\"WebPage\",\"@id\":\"https:\\\/\\\/www.ikhrw.com\\\/tr\\\/\",\"url\":\"https:\\\/\\\/www.ikhrw.com\\\/tr\\\/\",\"name\":\"Anasayfa - \u0130ran K\u00fcrdistan \u0130nsan Haklar\u0131 \u0130zleme \u00d6rg\u00fct\u00fc\",\"isPartOf\":{\"@id\":\"https:\\\/\\\/www.ikhrw.com\\\/tr\\\/#website\"},\"datePublished\":\"2019-02-15T14:33:56+00:00\",\"dateModified\":\"2025-08-16T14:39:49+00:00\",\"breadcrumb\":{\"@id\":\"https:\\\/\\\/www.ikhrw.com\\\/tr\\\/#breadcrumb\"},\"inLanguage\":\"tr\",\"potentialAction\":[{\"@type\":\"ReadAction\",\"target\":[\"https:\\\/\\\/www.ikhrw.com\\\/tr\\\/\"]}]},{\"@type\":\"BreadcrumbList\",\"@id\":\"https:\\\/\\\/www.ikhrw.com\\\/tr\\\/#breadcrumb\",\"itemListElement\":[{\"@type\":\"ListItem\",\"position\":1,\"name\":\"\u062e\u0627\u0646\u0647\",\"item\":\"https:\\\/\\\/www.ikhrw.com\\\/tr\\\/\"},{\"@type\":\"ListItem\",\"position\":2,\"name\":\"Anasayfa\"}]},{\"@type\":\"WebSite\",\"@id\":\"https:\\\/\\\/www.ikhrw.com\\\/tr\\\/#website\",\"url\":\"https:\\\/\\\/www.ikhrw.com\\\/tr\\\/\",\"name\":\"\u062f\u06cc\u062f\u0647\u200c\u0628\u0627\u0646 \u062d\u0642\u0648\u0642 \u0628\u0634\u0631 \u06a9\u0648\u0631\u062f\u0633\u062a\u0627\u0646 \u0627\u06cc\u0631\u0627\u0646\",\"description\":\"\",\"publisher\":{\"@id\":\"https:\\\/\\\/www.ikhrw.com\\\/tr\\\/#\\\/schema\\\/person\\\/3ade6623a70a0a38dba7b18a0fb252ac\"},\"potentialAction\":[{\"@type\":\"SearchAction\",\"target\":{\"@type\":\"EntryPoint\",\"urlTemplate\":\"https:\\\/\\\/www.ikhrw.com\\\/tr\\\/?s={search_term_string}\"},\"query-input\":{\"@type\":\"PropertyValueSpecification\",\"valueRequired\":true,\"valueName\":\"search_term_string\"}}],\"inLanguage\":\"tr\"},{\"@type\":[\"Person\",\"Organization\"],\"@id\":\"https:\\\/\\\/www.ikhrw.com\\\/tr\\\/#\\\/schema\\\/person\\\/3ade6623a70a0a38dba7b18a0fb252ac\",\"name\":\"\u067e\u0634\u062a\u06cc\u0628\u0627\u0646 \u0641\u0646\u06cc\",\"image\":{\"@type\":\"ImageObject\",\"inLanguage\":\"tr\",\"@id\":\"https:\\\/\\\/www.ikhrw.com\\\/tr\\\/wp-content\\\/uploads\\\/sites\\\/3\\\/2022\\\/06\\\/ikrw-logo-en.png\",\"url\":\"https:\\\/\\\/www.ikhrw.com\\\/tr\\\/wp-content\\\/uploads\\\/sites\\\/3\\\/2022\\\/06\\\/ikrw-logo-en.png\",\"contentUrl\":\"https:\\\/\\\/www.ikhrw.com\\\/tr\\\/wp-content\\\/uploads\\\/sites\\\/3\\\/2022\\\/06\\\/ikrw-logo-en.png\",\"width\":241,\"height\":70,\"caption\":\"\u067e\u0634\u062a\u06cc\u0628\u0627\u0646 \u0641\u0646\u06cc\"},\"logo\":{\"@id\":\"https:\\\/\\\/www.ikhrw.com\\\/tr\\\/wp-content\\\/uploads\\\/sites\\\/3\\\/2022\\\/06\\\/ikrw-logo-en.png\"}}]}<\/script>\n<!-- \/ Yoast SEO Premium plugin. -->","yoast_head_json":{"title":"Anasayfa - \u0130ran K\u00fcrdistan \u0130nsan Haklar\u0131 \u0130zleme \u00d6rg\u00fct\u00fc","robots":{"index":"index","follow":"follow","max-snippet":"max-snippet:-1","max-image-preview":"max-image-preview:large","max-video-preview":"max-video-preview:-1"},"canonical":"https:\/\/www.ikhrw.com\/tr\/","og_locale":"tr_TR","og_type":"article","og_title":"Anasayfa","og_url":"https:\/\/www.ikhrw.com\/tr\/","og_site_name":"\u0130ran K\u00fcrdistan \u0130nsan Haklar\u0131 \u0130zleme \u00d6rg\u00fct\u00fc","article_modified_time":"2025-08-16T14:39:49+00:00","twitter_card":"summary_large_image","schema":{"@context":"https:\/\/schema.org","@graph":[{"@type":"WebPage","@id":"https:\/\/www.ikhrw.com\/tr\/","url":"https:\/\/www.ikhrw.com\/tr\/","name":"Anasayfa - \u0130ran K\u00fcrdistan \u0130nsan Haklar\u0131 \u0130zleme \u00d6rg\u00fct\u00fc","isPartOf":{"@id":"https:\/\/www.ikhrw.com\/tr\/#website"},"datePublished":"2019-02-15T14:33:56+00:00","dateModified":"2025-08-16T14:39:49+00:00","breadcrumb":{"@id":"https:\/\/www.ikhrw.com\/tr\/#breadcrumb"},"inLanguage":"tr","potentialAction":[{"@type":"ReadAction","target":["https:\/\/www.ikhrw.com\/tr\/"]}]},{"@type":"BreadcrumbList","@id":"https:\/\/www.ikhrw.com\/tr\/#breadcrumb","itemListElement":[{"@type":"ListItem","position":1,"name":"\u062e\u0627\u0646\u0647","item":"https:\/\/www.ikhrw.com\/tr\/"},{"@type":"ListItem","position":2,"name":"Anasayfa"}]},{"@type":"WebSite","@id":"https:\/\/www.ikhrw.com\/tr\/#website","url":"https:\/\/www.ikhrw.com\/tr\/","name":"\u062f\u06cc\u062f\u0647\u200c\u0628\u0627\u0646 \u062d\u0642\u0648\u0642 \u0628\u0634\u0631 \u06a9\u0648\u0631\u062f\u0633\u062a\u0627\u0646 \u0627\u06cc\u0631\u0627\u0646","description":"","publisher":{"@id":"https:\/\/www.ikhrw.com\/tr\/#\/schema\/person\/3ade6623a70a0a38dba7b18a0fb252ac"},"potentialAction":[{"@type":"SearchAction","target":{"@type":"EntryPoint","urlTemplate":"https:\/\/www.ikhrw.com\/tr\/?s={search_term_string}"},"query-input":{"@type":"PropertyValueSpecification","valueRequired":true,"valueName":"search_term_string"}}],"inLanguage":"tr"},{"@type":["Person","Organization"],"@id":"https:\/\/www.ikhrw.com\/tr\/#\/schema\/person\/3ade6623a70a0a38dba7b18a0fb252ac","name":"\u067e\u0634\u062a\u06cc\u0628\u0627\u0646 \u0641\u0646\u06cc","image":{"@type":"ImageObject","inLanguage":"tr","@id":"https:\/\/www.ikhrw.com\/tr\/wp-content\/uploads\/sites\/3\/2022\/06\/ikrw-logo-en.png","url":"https:\/\/www.ikhrw.com\/tr\/wp-content\/uploads\/sites\/3\/2022\/06\/ikrw-logo-en.png","contentUrl":"https:\/\/www.ikhrw.com\/tr\/wp-content\/uploads\/sites\/3\/2022\/06\/ikrw-logo-en.png","width":241,"height":70,"caption":"\u067e\u0634\u062a\u06cc\u0628\u0627\u0646 \u0641\u0646\u06cc"},"logo":{"@id":"https:\/\/www.ikhrw.com\/tr\/wp-content\/uploads\/sites\/3\/2022\/06\/ikrw-logo-en.png"}}]}},"_links":{"self":[{"href":"https:\/\/www.ikhrw.com\/tr\/wp-json\/wp\/v2\/pages\/9","targetHints":{"allow":["GET"]}}],"collection":[{"href":"https:\/\/www.ikhrw.com\/tr\/wp-json\/wp\/v2\/pages"}],"about":[{"href":"https:\/\/www.ikhrw.com\/tr\/wp-json\/wp\/v2\/types\/page"}],"author":[{"embeddable":true,"href":"https:\/\/www.ikhrw.com\/tr\/wp-json\/wp\/v2\/users\/1"}],"replies":[{"embeddable":true,"href":"https:\/\/www.ikhrw.com\/tr\/wp-json\/wp\/v2\/comments?post=9"}],"version-history":[{"count":0,"href":"https:\/\/www.ikhrw.com\/tr\/wp-json\/wp\/v2\/pages\/9\/revisions"}],"wp:attachment":[{"href":"https:\/\/www.ikhrw.com\/tr\/wp-json\/wp\/v2\/media?parent=9"}],"curies":[{"name":"wp","href":"https:\/\/api.w.org\/{rel}","templated":true}]}}